{"id":3249,"date":"2025-11-18T16:57:17","date_gmt":"2025-11-18T15:57:17","guid":{"rendered":"https:\/\/gealegal.com\/?page_id=3249"},"modified":"2025-11-20T13:21:37","modified_gmt":"2025-11-20T18:21:37","slug":"politica-de-tratamiento-de-datos","status":"publish","type":"page","link":"https:\/\/gealegal.com\/en\/politica-de-tratamiento-de-datos\/","title":{"rendered":"Pol\u00edtica de tratamiento de datos"},"content":{"rendered":"<div data-elementor-type=\"wp-page\" data-elementor-id=\"3249\" class=\"elementor elementor-3249\" data-elementor-post-type=\"page\">\n\t\t\t\t<div class=\"elementor-element elementor-element-6b5c6b9 e-flex e-con-boxed e-con e-parent\" data-id=\"6b5c6b9\" data-element_type=\"container\" data-settings=\"{&quot;background_background&quot;:&quot;classic&quot;}\">\n\t\t\t\t\t<div class=\"e-con-inner\">\n\t\t\t\t<div class=\"elementor-element elementor-element-5b7c83b elementor-widget__width-inherit elementor-widget elementor-widget-heading\" data-id=\"5b7c83b\" data-element_type=\"widget\" data-widget_type=\"heading.default\">\n\t\t\t\t<div class=\"elementor-widget-container\">\n\t\t\t\t\t<h2 class=\"elementor-heading-title elementor-size-default\">Pol\u00edtica de tratamiento de datos<\/h2>\t\t\t\t<\/div>\n\t\t\t\t<\/div>\n\t\t\t\t\t<\/div>\n\t\t\t\t<\/div>\n\t\t<div class=\"elementor-element elementor-element-7c398d1 e-flex e-con-boxed e-con e-parent\" data-id=\"7c398d1\" data-element_type=\"container\">\n\t\t\t\t\t<div class=\"e-con-inner\">\n\t\t\t\t<div class=\"elementor-element elementor-element-2933c0c elementor-widget elementor-widget-heading\" data-id=\"2933c0c\" data-element_type=\"widget\" data-widget_type=\"heading.default\">\n\t\t\t\t<div class=\"elementor-widget-container\">\n\t\t\t\t\t<h2 class=\"elementor-heading-title elementor-size-default\">Pol\u00edtica de Tratamiento de datos personales GUZM\u00c1N ESCOBAR &amp; ASOCIADOS S.A.S<\/h2>\t\t\t\t<\/div>\n\t\t\t\t<\/div>\n\t\t\t\t<div class=\"elementor-element elementor-element-7d58a20 elementor-widget elementor-widget-text-editor\" data-id=\"7d58a20\" data-element_type=\"widget\" data-widget_type=\"text-editor.default\">\n\t\t\t\t<div class=\"elementor-widget-container\">\n\t\t\t\t\t\t\t\t\t<p>Guzm\u00e1n Escobar &amp; Asociados S.A.S. es responsable de los datos personales e informaci\u00f3n que le suministran sus empleados de GUZM\u00c1N ESCOBAR &amp; ASOCIADOS S.A.S. (en adelante, los Titulares), as\u00ed como de sus clientes actuales, antiguos y potenciales. La legislaci\u00f3n nacional vigente en materia de protecci\u00f3n de datos personales est\u00e1 contenida en la Ley 1581 de 2012, el Decreto 1377 de 2013 y la Ley 1266 de 2008.<\/p><p>En la presente Pol\u00edtica de Tratamiento se establecen las finalidades, tratamiento y procedimientos de nuestras bases de datos, as\u00ed como los mecanismos con que los Titulares cuentan para conocer, actualizar, rectificar, suprimir los datos suministrados o revocar la autorizaci\u00f3n que se otorga con la aceptaci\u00f3n de la presente pol\u00edtica. La celebraci\u00f3n de contratos de trabajo y de prestaci\u00f3n de servicios con GUZM\u00c1N ESCOBAR &amp; ASOCIADOS S.A.S., la postulaci\u00f3n para suscribir estos contratos, y\/o la aceptaci\u00f3n expresa o inequ\u00edvoca de las presentes pol\u00edticas, implica la aceptaci\u00f3n de los Titulares de la presente Pol\u00edtica de Privacidad y su autorizaci\u00f3n para los usos y otros tratamientos que aqu\u00ed se describen.<\/p><ol class=\"ol1\"><li class=\"li1\">El responsable del tratamiento de datos personales y otra informaci\u00f3n de los Titulares es GUZM\u00c1N ESCOBAR &amp; ASOCIADOS S.A.S., con n\u00famero de identificaci\u00f3n tributaria NIT. 830.014.503-5; domicilio en la Calle 82\u00a0N\u00ba 11-37 Of. 307-308\u00a0de Bogot\u00e1 D.C., Colombia; tel\u00e9fono: +57 61 <span class=\"s1\">641290<\/span>4; correo electr\u00f3nico: cmoreno@gealegal.com<br \/><br \/><\/li><li class=\"li1\">La finalidad en relaci\u00f3n con la base de datos de empleados y clientes de GUZM\u00c1N ESCOBAR &amp; ASOCIADOS S.A.S. es: 1) Cumplir el objeto de la relaci\u00f3n laboral o civil que se hubiere adquirido con los Titulares. 2) Conservar y administrar la informaci\u00f3n de la relaci\u00f3n laboral con los Titulares. 3) Mantener la seguridad de las instalaciones de GUZM\u00c1N ESCOBAR &amp; ASOCIADOS S.A.S. y de quienes all\u00ed laboran. 4) Mantener comunicaci\u00f3n directa con los Titulares para temas relacionados con su relaci\u00f3n laboral 5) El control y la preservaci\u00f3n de la seguridad de las personas, bienes e informaci\u00f3n de GUZM\u00c1N ESCOBAR &amp; ASOCIADOS S.A.S. 6) Comprobaci\u00f3n y verificaci\u00f3n de la identidad y antecedentes penales y disciplinarios de los titulares. 7) Verificar conflictos de intereses en nuevos empleados de GUZM\u00c1N ESCOBAR &amp; ASOCIADOS S.A.S., as\u00ed como inhabilidades e incompatibilidades de los mismos. 8) Cumplir el objeto social de GUZM\u00c1N ESCOBAR &amp; ASOCIADOS S.A.S. 9) Transmitir, transferir y suministrar la informaci\u00f3n y datos personales de los Titulares a terceros, en aquellos casos en que se presente sustituci\u00f3n patronal o en aquellos casos en que GUZM\u00c1N ESCOBAR &amp; ASOCIADOS S.A.S. ceda su posici\u00f3n contractual. 10) Transmitir, transferir y suministrar la informaci\u00f3n y datos personales de los Titulares a terceros, con el fin de dar referencias laborales y\/o profesionales sobre los Titulares.<br \/><br \/><\/li><li class=\"li1\">GUZM\u00c1N ESCOBAR &amp; ASOCIADOS S.A.S. solo recopilar\u00e1 y\/o tratar\u00e1 datos considerados como Datos Sensibles en los casos permitidos por la ley. Para tales eventos, se informa a los Titulares que no est\u00e1n obligados a suministrar los referidos datos o a autorizar su tratamiento. Una vez suministrados dichos datos y otorgado el correspondiente consentimiento, los datos ser\u00e1n recopilados y tratados \u00fanicamente para las finalidades descritas en la presente Pol\u00edtica de Tratamiento.<br \/><br \/><\/li><li class=\"li1\">GUZM\u00c1N ESCOBAR &amp; ASOCIADOS S.A.S., solamente usar\u00e1, almacenar\u00e1 y realizar\u00e1 tratamiento de datos personales de menores de edad que sean hijos, descendientes o que dependan o est\u00e9n a cargo de los empleados de GUZM\u00c1N ESCOBAR &amp; ASOCIADOS S.A.S., y que sean de naturaleza p\u00fablica. La finalidad de dicho tratamiento ser\u00e1 \u00fanicamente la de planear y realizar actividades relacionadas con el bienestar personal y familiar de los empleados y los menores. Para tales efectos, GUZM\u00c1N ESCOBAR &amp; ASOCIADOS S.A.S. tendr\u00e1 en cuenta el respeto y prevalencia de los derechos de los menores, su inter\u00e9s superior y sus derechos fundamentales.<br \/><br \/><\/li><li class=\"li1\">Mediante el suministro de alguno de los datos personales en la forma se\u00f1alada en esta Pol\u00edtica, y\/o la autorizaci\u00f3n expresa verbal o por escrito, el Titular autoriza expresa o inequ\u00edvocamente a GUZM\u00c1N ESCOBAR &amp; ASOCIADOS SAS para recolectar datos personales y cualquier otra informaci\u00f3n que suministre, as\u00ed como para realizar el tratamiento sobre sus datos personales, de conformidad con esta Pol\u00edtica de Tratamiento y la ley.<br \/><br \/><\/li><li class=\"li1\">Cualquier cambio sustancial en las pol\u00edticas de Tratamiento, ser\u00e1 comunicado oportunamente a los Titulares mediante la publicaci\u00f3n en nuestros portales web, carteleras o informado mediante correo electr\u00f3nico.<br \/><br \/><\/li><li class=\"li1\">El Titular autoriza expresamente a GUZM\u00c1N ESCOBAR &amp; ASOCIADOS S.A.S. para que este almacene sus datos personales de la forma y con las medidas de seguridad que considere m\u00e1s conveniente y adecuada. Las medidas de seguridad con las que cuenta GUZM\u00c1N ESCOBAR &amp; ASOCIADOS S.A.S. buscan proteger los datos de los Titulares en aras de impedir su adulteraci\u00f3n, p\u00e9rdida, usos y accesos no autorizados. Para ello, GUZM\u00c1N ESCOBAR &amp; ASOCIADOS S.A.S., de forma diligente implementa medidas de protecci\u00f3n humanas, administrativas y t\u00e9cnicas que razonablemente est\u00e1n a su alcance. El Titular acepta expresamente esta forma de protecci\u00f3n y declara que la considera conveniente y suficiente para todos los prop\u00f3sitos.<br \/><br \/><\/li><li class=\"li1\">DERECHOS DE LOS TITULARES. GUZM\u00c1N ESCOBAR &amp; ASOCIADOS S.A.S. informa a los Titulares que, conforme a la legislaci\u00f3n vigente, estos tienen el derecho de conocer, actualizar, rectificar su informaci\u00f3n, y\/o revocar la autorizaci\u00f3n para su tratamiento. En especial, de conformidad con el art\u00edculo 8 de la Ley 1581 de 2012, son derechos de los Titulares los siguientes:<br \/><br \/>(a) Conocer, actualizar y rectificar sus datos personales frente a los Responsables del Tratamiento o Encargados del Tratamiento. Este derecho se podr\u00e1 ejercer, entre otros frente a datos parciales, inexactos, incompletos, fraccionados, que induzcan a error, o aquellos cuyo Tratamiento est\u00e9 expresamente prohibido o no haya sido autorizado.<br \/>(b) Solicitar prueba de la autorizaci\u00f3n otorgada al Responsable del Tratamiento salvo cuando expresamente se except\u00fae como requisito para el Tratamiento, de conformidad con lo previsto en el art\u00edculo 10 de la citada ley.<br \/>(c) Ser informado por el Responsable del Tratamiento o el Encargado del Tratamiento, previa solicitud, respecto del uso que le ha dado a sus datos personales.<br \/>(d) Presentar ante la Superintendencia de Industria y Comercio quejas por infracciones a lo dispuesto en la citada ley y las dem\u00e1s normas que la modifiquen, adicionen o complementen.<br \/>(e) Revocar la autorizaci\u00f3n y\/o solicitar la supresi\u00f3n del dato cuando en el Tratamiento no se respeten los principios, derechos y garant\u00edas constitucionales y legales. La revocatoria y\/o supresi\u00f3n proceder\u00e1 cuando la Superintendencia de Industria y Comercio haya determinado que en el Tratamiento el Responsable o Encargado han incurrido en conductas contrarias a la ley y a la Constituci\u00f3n.<br \/>(f) Acceder en forma gratuita a sus datos personales que hayan sido objeto de Tratamiento.<br \/><br \/>Adicionalmente, el Decreto reglamentario 1377 de 2013 define que los Responsables deber\u00e1n conservar prueba de la autorizaci\u00f3n otorgada por los Titulares de datos personales para el Tratamiento de los mismos.<br \/><br \/><\/li><li class=\"li1\">El \u00e1rea encargada de atender las peticiones, consultas y reclamos de los titulares para ejercer sus derechos a conocer, actualizar, rectificar y suprimir sus datos y revocar su autorizaci\u00f3n es la Direcci\u00f3n Administrativa y Financiera de GUZM\u00c1N ESCOBAR &amp; ASOCIADOS S.A.S., En caso de que desee ejercer sus derechos, el Titular deber\u00e1 enviar un correo electr\u00f3nico o f\u00edsico a las direcciones de contacto establecidas en la presente Pol\u00edtica de Tratamiento. Cuando el titular de los datos o sus causahabientes deseen consultar la informaci\u00f3n que reposa en la base de datos, GUZM\u00c1N ESCOBAR &amp; ASOCIADOS S.A.S., responder\u00e1 la solicitud en plazo de m\u00e1ximo diez (10) d\u00edas h\u00e1biles. En cumplimiento a lo dispuesto en la Ley 1581 de 2012, cuando no fuere posible atender la consulta dentro de dicho t\u00e9rmino, se informar\u00e1 al Titular, se le expresar\u00e1 los motivos de la demora y se le se\u00f1alar\u00e1 la fecha en que se atender\u00e1 su consulta, la cual no podr\u00e1 superar los cinco (5) d\u00edas h\u00e1biles siguientes al vencimiento del primer t\u00e9rmino.<br \/><br \/><\/li><li class=\"li1\">CONTACTO. Cualquier duda o solicitud adicional de informaci\u00f3n ser\u00e1 recibida y tramitada mediante su env\u00edo a las direcciones de contacto establecidas en la presente Pol\u00edtica de Tratamiento.<br \/><br \/><\/li><li class=\"li1\">PER\u00cdODO DE VIGENCIA DE LA BASE DE DATOS. Los datos personales incorporados en la Base de Datos estar\u00e1n vigentes durante el plazo necesario para cumplir sus finalidades y para permitirle a GUZM\u00c1N ESCOBAR &amp; ASOCIADOS S.A.S., el cumplimiento de sus obligaciones legales y contractuales.<\/li><\/ol>\t\t\t\t\t\t\t\t<\/div>\n\t\t\t\t<\/div>\n\t\t\t\t\t<\/div>\n\t\t\t\t<\/div>\n\t\t<div class=\"elementor-element elementor-element-4122c98 e-flex e-con-boxed e-con e-parent\" data-id=\"4122c98\" data-element_type=\"container\" data-settings=\"{&quot;background_background&quot;:&quot;classic&quot;}\">\n\t\t\t\t\t<div class=\"e-con-inner\">\n\t\t\t\t<div class=\"elementor-element elementor-element-97f6522 elementor-widget elementor-widget-image\" data-id=\"97f6522\" data-element_type=\"widget\" data-widget_type=\"image.default\">\n\t\t\t\t<div class=\"elementor-widget-container\">\n\t\t\t\t\t\t\t\t\t\t\t\t\t\t\t<img fetchpriority=\"high\" decoding=\"async\" width=\"800\" height=\"215\" src=\"https:\/\/gealegal.com\/wp-content\/uploads\/2025\/07\/logo.svg\" class=\"attachment-large size-large wp-image-652\" alt=\"\" \/>\t\t\t\t\t\t\t\t\t\t\t\t\t\t\t<\/div>\n\t\t\t\t<\/div>\n\t\t\t\t<div class=\"elementor-element elementor-element-bfd0dde elementor-align-center elementor-widget elementor-widget-button\" data-id=\"bfd0dde\" data-element_type=\"widget\" data-widget_type=\"button.default\">\n\t\t\t\t<div class=\"elementor-widget-container\">\n\t\t\t\t\t\t\t\t\t<div class=\"elementor-button-wrapper\">\n\t\t\t\t\t<a class=\"elementor-button elementor-button-link elementor-size-sm elementor-animation-grow\" href=\"https:\/\/gealegal.com\/en\">\n\t\t\t\t\t\t<span class=\"elementor-button-content-wrapper\">\n\t\t\t\t\t\t\t\t\t<span class=\"elementor-button-text\">&lt; Volver al Inicio<\/span>\n\t\t\t\t\t<\/span>\n\t\t\t\t\t<\/a>\n\t\t\t\t<\/div>\n\t\t\t\t\t\t\t\t<\/div>\n\t\t\t\t<\/div>\n\t\t\t\t\t<\/div>\n\t\t\t\t<\/div>\n\t\t<div class=\"elementor-element elementor-element-0fe5fd7 elementor-hidden-tablet elementor-hidden-mobile e-flex e-con-boxed e-con e-parent\" data-id=\"0fe5fd7\" data-element_type=\"container\" data-settings=\"{&quot;background_background&quot;:&quot;classic&quot;}\">\n\t\t\t\t\t<div class=\"e-con-inner\">\n\t\t\t\t<div class=\"elementor-element elementor-element-dc4b784 elementor-widget elementor-widget-heading\" data-id=\"dc4b784\" data-element_type=\"widget\" data-widget_type=\"heading.default\">\n\t\t\t\t<div class=\"elementor-widget-container\">\n\t\t\t\t\t<p class=\"elementor-heading-title elementor-size-default\">\u00a9 2026 \u00b7 Todos Los Derechos Reservados \u00b7 <a href=\"https:\/\/www.artefacto.com.co\/\">Hecho con Art3Facto<\/a><\/p>\t\t\t\t<\/div>\n\t\t\t\t<\/div>\n\t\t\t\t\t<\/div>\n\t\t\t\t<\/div>\n\t\t<div class=\"elementor-element elementor-element-9e7e02c elementor-hidden-desktop e-flex e-con-boxed e-con e-parent\" data-id=\"9e7e02c\" data-element_type=\"container\" data-settings=\"{&quot;background_background&quot;:&quot;classic&quot;}\">\n\t\t\t\t\t<div class=\"e-con-inner\">\n\t\t\t\t<div class=\"elementor-element elementor-element-db6d00e elementor-widget elementor-widget-heading\" data-id=\"db6d00e\" data-element_type=\"widget\" data-widget_type=\"heading.default\">\n\t\t\t\t<div class=\"elementor-widget-container\">\n\t\t\t\t\t<p class=\"elementor-heading-title elementor-size-default\">\u00a9 2026 \u00b7 Todos Los Derechos Reservados <\/br> <a href=\"https:\/\/www.artefacto.com.co\/\">Hecho con Art3Facto<\/a><\/p>\t\t\t\t<\/div>\n\t\t\t\t<\/div>\n\t\t\t\t\t<\/div>\n\t\t\t\t<\/div>\n\t\t\t\t<\/div>","protected":false},"excerpt":{"rendered":"<p>Pol\u00edtica de tratamiento de datos Pol\u00edtica de Tratamiento de datos personales GUZM\u00c1N ESCOBAR &amp; ASOCIADOS S.A.S Guzm\u00e1n Escobar &amp; Asociados S.A.S. es responsable de los datos personales e informaci\u00f3n que le suministran sus empleados de GUZM\u00c1N ESCOBAR &amp; ASOCIADOS S.A.S. (en adelante, los Titulares), as\u00ed como de sus clientes actuales, antiguos y potenciales. La legislaci\u00f3n [&hellip;]<\/p>","protected":false},"author":1,"featured_media":0,"parent":0,"menu_order":0,"comment_status":"closed","ping_status":"closed","template":"elementor_canvas","meta":{"footnotes":""},"class_list":["post-3249","page","type-page","status-publish","hentry"],"_links":{"self":[{"href":"https:\/\/gealegal.com\/en\/wp-json\/wp\/v2\/pages\/3249","targetHints":{"allow":["GET"]}}],"collection":[{"href":"https:\/\/gealegal.com\/en\/wp-json\/wp\/v2\/pages"}],"about":[{"href":"https:\/\/gealegal.com\/en\/wp-json\/wp\/v2\/types\/page"}],"author":[{"embeddable":true,"href":"https:\/\/gealegal.com\/en\/wp-json\/wp\/v2\/users\/1"}],"replies":[{"embeddable":true,"href":"https:\/\/gealegal.com\/en\/wp-json\/wp\/v2\/comments?post=3249"}],"version-history":[{"count":67,"href":"https:\/\/gealegal.com\/en\/wp-json\/wp\/v2\/pages\/3249\/revisions"}],"predecessor-version":[{"id":4501,"href":"https:\/\/gealegal.com\/en\/wp-json\/wp\/v2\/pages\/3249\/revisions\/4501"}],"wp:attachment":[{"href":"https:\/\/gealegal.com\/en\/wp-json\/wp\/v2\/media?parent=3249"}],"curies":[{"name":"wp","href":"https:\/\/api.w.org\/{rel}","templated":true}]}}